{"id":1282,"date":"2021-08-12T23:29:50","date_gmt":"2021-08-12T23:29:50","guid":{"rendered":"https:\/\/baker.la-studioweb.com\/?page_id=1282"},"modified":"2026-04-08T07:35:59","modified_gmt":"2026-04-08T07:35:59","slug":"faqs","status":"publish","type":"page","link":"https:\/\/bakerfresh.dev.fractal.am\/sv\/faqs\/","title":{"rendered":"FAQs"},"content":{"rendered":"<div data-elementor-type=\"wp-page\" data-elementor-id=\"1282\" class=\"elementor elementor-1282\">\n\t\t\t\t<div class=\"elementor-element elementor-element-b2cae9c e-flex e-con-boxed lakit-col-width-auto-no e-container e-root-container elementor-top-section e-con e-parent\" data-id=\"b2cae9c\" data-element_type=\"container\" data-e-type=\"container\">\n\t\t\t\t\t<div class=\"e-con-inner\">\n\t\t\t\t<div class=\"elementor-element elementor-element-461c5d6 elementor-widget elementor-widget-heading\" data-id=\"461c5d6\" data-element_type=\"widget\" data-e-type=\"widget\" data-widget_type=\"heading.default\">\n\t\t\t\t\t<h1 class=\"elementor-heading-title elementor-size-default\">FAQ<\/h1>\t\t\t\t<\/div>\n\t\t\t\t\t<\/div>\n\t\t\t\t<\/div>\n\t\t\t\t<section class=\"elementor-section elementor-top-section elementor-element elementor-element-9de7a2f elementor-section-boxed elementor-section-height-default elementor-section-height-default e-parent\" data-id=\"9de7a2f\" data-element_type=\"section\" data-e-type=\"section\">\n\t\t\t\t\t\t<div class=\"elementor-container elementor-column-gap-no\">\n\t\t\t\t\t<div class=\"elementor-column elementor-col-100 elementor-top-column elementor-element elementor-element-2af9ce2 lakit-col-width-auto-no\" data-id=\"2af9ce2\" data-element_type=\"column\" data-e-type=\"column\">\n\t\t\t<div class=\"elementor-widget-wrap elementor-element-populated\">\n\t\t\t\t\t\t<div class=\"elementor-element elementor-element-1517074 elementor-widget__width-auto elementor-widget elementor-widget-heading\" data-id=\"1517074\" data-element_type=\"widget\" data-e-type=\"widget\" data-widget_type=\"heading.default\">\n\t\t\t\t\t<div class=\"elementor-heading-title elementor-size-default\">Shopping Questions<\/div>\t\t\t\t<\/div>\n\t\t\t\t<div class=\"elementor-element elementor-element-41a3c2f elementor-widget__width-auto elementor-widget-divider--view-line elementor-widget elementor-widget-divider\" data-id=\"41a3c2f\" data-element_type=\"widget\" data-e-type=\"widget\" data-widget_type=\"divider.default\">\n\t\t\t\t\t\t\t<div class=\"elementor-divider\">\n\t\t\t<span class=\"elementor-divider-separator\">\n\t\t\t\t\t\t<\/span>\n\t\t<\/div>\n\t\t\t\t\t\t<\/div>\n\t\t\t\t<section class=\"elementor-section elementor-inner-section elementor-element elementor-element-0c58a63 elementor-section-full_width elementor-section-height-default elementor-section-height-default\" data-id=\"0c58a63\" data-element_type=\"section\" data-e-type=\"section\">\n\t\t\t\t\t\t<div class=\"elementor-container elementor-column-gap-no\">\n\t\t\t\t\t<div class=\"elementor-column elementor-col-50 elementor-inner-column elementor-element elementor-element-494ea57 lakit-col-width-auto-no\" data-id=\"494ea57\" data-element_type=\"column\" data-e-type=\"column\">\n\t\t\t<div class=\"elementor-widget-wrap elementor-element-populated\">\n\t\t\t\t\t\t<div class=\"elementor-element elementor-element-5a96705 elementor-widget elementor-widget-toggle\" data-id=\"5a96705\" data-element_type=\"widget\" data-e-type=\"widget\" data-widget_type=\"toggle.default\">\n\t\t\t\t\t\t\t<div class=\"elementor-toggle\">\n\t\t\t\t\t\t\t<div class=\"elementor-toggle-item\">\n\t\t\t\t\t<div id=\"elementor-tab-title-9491\" class=\"elementor-tab-title\" data-tab=\"1\" role=\"button\" aria-controls=\"elementor-tab-content-9491\" aria-expanded=\"false\">\n\t\t\t\t\t\t\t\t\t\t\t\t<span class=\"elementor-toggle-icon elementor-toggle-icon-right\" aria-hidden=\"true\">\n\t\t\t\t\t\t\t\t\t\t\t\t\t\t\t<span class=\"elementor-toggle-icon-closed\"><svg xmlns=\"http:\/\/www.w3.org\/2000\/svg\" width=\"300\" height=\"300\" viewbox=\"0 0 300 300\" class=\"lakit-font-icon-svg\" data-icon-name=\"down-arrow\" data-icon-type=\"LaStudioIcons\"><path d=\"M150 225c-3.3 0-6.3-1.2-8.7-3.6L7.2 87.6l17.7-17.7L150 194.7 275.1 69.9l17.7 17.7L159 221.4c-2.7 2.4-5.7 3.6-9 3.6z\" fill=\"currentColor\"\/><\/svg><\/span>\n\t\t\t\t\t\t\t\t<span class=\"elementor-toggle-icon-opened\"><svg xmlns=\"http:\/\/www.w3.org\/2000\/svg\" width=\"300\" height=\"300\" viewbox=\"0 0 300 300\" class=\"lakit-font-icon-svg\" data-icon-name=\"up-arrow\" data-icon-type=\"LaStudioIcons\"><path d=\"M275.1 230.1L150 105.3 24.9 230.1 7.2 212.4 141.3 78.6c4.8-4.8 12.6-4.8 17.7 0l133.8 133.8-17.7 17.7z\" fill=\"currentColor\"\/><\/svg><\/span>\n\t\t\t\t\t\t\t\t\t\t\t\t\t<\/span>\n\t\t\t\t\t\t\t\t\t\t\t\t<a class=\"elementor-toggle-title\" tabindex=\"0\">Hur g\u00f6r jag en best\u00e4llning?<\/a>\n\t\t\t\t\t<\/div>\n\n\t\t\t\t\t<div id=\"elementor-tab-content-9491\" class=\"elementor-tab-content elementor-clearfix\" data-tab=\"1\" role=\"region\" aria-labelledby=\"elementor-tab-title-9491\"><p><span style=\"font-weight: 400;\">Du kan g\u00f6ra en best\u00e4llning genom att kontakta oss via WhatsApp eller genom kontaktformul\u00e4ret p\u00e5 v\u00e5r hemsida. Ange g\u00e4rna \u00f6nskat datum, antal personer, smak och eventuella designid\u00e9er s\u00e5 att vi kan ge korrekt information och pris.<\/span><\/p><\/div>\n\t\t\t\t<\/div>\n\t\t\t\t\t\t\t<div class=\"elementor-toggle-item\">\n\t\t\t\t\t<div id=\"elementor-tab-title-9492\" class=\"elementor-tab-title\" data-tab=\"2\" role=\"button\" aria-controls=\"elementor-tab-content-9492\" aria-expanded=\"false\">\n\t\t\t\t\t\t\t\t\t\t\t\t<span class=\"elementor-toggle-icon elementor-toggle-icon-right\" aria-hidden=\"true\">\n\t\t\t\t\t\t\t\t\t\t\t\t\t\t\t<span class=\"elementor-toggle-icon-closed\"><svg xmlns=\"http:\/\/www.w3.org\/2000\/svg\" width=\"300\" height=\"300\" viewbox=\"0 0 300 300\" class=\"lakit-font-icon-svg\" data-icon-name=\"down-arrow\" data-icon-type=\"LaStudioIcons\"><path d=\"M150 225c-3.3 0-6.3-1.2-8.7-3.6L7.2 87.6l17.7-17.7L150 194.7 275.1 69.9l17.7 17.7L159 221.4c-2.7 2.4-5.7 3.6-9 3.6z\" fill=\"currentColor\"\/><\/svg><\/span>\n\t\t\t\t\t\t\t\t<span class=\"elementor-toggle-icon-opened\"><svg xmlns=\"http:\/\/www.w3.org\/2000\/svg\" width=\"300\" height=\"300\" viewbox=\"0 0 300 300\" class=\"lakit-font-icon-svg\" data-icon-name=\"up-arrow\" data-icon-type=\"LaStudioIcons\"><path d=\"M275.1 230.1L150 105.3 24.9 230.1 7.2 212.4 141.3 78.6c4.8-4.8 12.6-4.8 17.7 0l133.8 133.8-17.7 17.7z\" fill=\"currentColor\"\/><\/svg><\/span>\n\t\t\t\t\t\t\t\t\t\t\t\t\t<\/span>\n\t\t\t\t\t\t\t\t\t\t\t\t<a class=\"elementor-toggle-title\" tabindex=\"0\">Hur l\u00e5ngt i f\u00f6rv\u00e4g b\u00f6r jag best\u00e4lla?<\/a>\n\t\t\t\t\t<\/div>\n\n\t\t\t\t\t<div id=\"elementor-tab-content-9492\" class=\"elementor-tab-content elementor-clearfix\" data-tab=\"2\" role=\"region\" aria-labelledby=\"elementor-tab-title-9492\"><p class=\"translation-block\">Vi rekommenderar att du g\u00f6r din best\u00e4llning minst 7\u201314 dagar i f\u00f6rv\u00e4g f\u00f6r att s\u00e4kra ditt datum. Br\u00f6llopst\u00e5rtor och st\u00f6rre best\u00e4llningar b\u00f6r bokas \u00e4nnu tidigare om m\u00f6jligt.<\/p><\/div>\n\t\t\t\t<\/div>\n\t\t\t\t\t\t\t<div class=\"elementor-toggle-item\">\n\t\t\t\t\t<div id=\"elementor-tab-title-9493\" class=\"elementor-tab-title\" data-tab=\"3\" role=\"button\" aria-controls=\"elementor-tab-content-9493\" aria-expanded=\"false\">\n\t\t\t\t\t\t\t\t\t\t\t\t<span class=\"elementor-toggle-icon elementor-toggle-icon-right\" aria-hidden=\"true\">\n\t\t\t\t\t\t\t\t\t\t\t\t\t\t\t<span class=\"elementor-toggle-icon-closed\"><svg xmlns=\"http:\/\/www.w3.org\/2000\/svg\" width=\"300\" height=\"300\" viewbox=\"0 0 300 300\" class=\"lakit-font-icon-svg\" data-icon-name=\"down-arrow\" data-icon-type=\"LaStudioIcons\"><path d=\"M150 225c-3.3 0-6.3-1.2-8.7-3.6L7.2 87.6l17.7-17.7L150 194.7 275.1 69.9l17.7 17.7L159 221.4c-2.7 2.4-5.7 3.6-9 3.6z\" fill=\"currentColor\"\/><\/svg><\/span>\n\t\t\t\t\t\t\t\t<span class=\"elementor-toggle-icon-opened\"><svg xmlns=\"http:\/\/www.w3.org\/2000\/svg\" width=\"300\" height=\"300\" viewbox=\"0 0 300 300\" class=\"lakit-font-icon-svg\" data-icon-name=\"up-arrow\" data-icon-type=\"LaStudioIcons\"><path d=\"M275.1 230.1L150 105.3 24.9 230.1 7.2 212.4 141.3 78.6c4.8-4.8 12.6-4.8 17.7 0l133.8 133.8-17.7 17.7z\" fill=\"currentColor\"\/><\/svg><\/span>\n\t\t\t\t\t\t\t\t\t\t\t\t\t<\/span>\n\t\t\t\t\t\t\t\t\t\t\t\t<a class=\"elementor-toggle-title\" tabindex=\"0\">Beh\u00f6ver jag betala en handpenning?<\/a>\n\t\t\t\t\t<\/div>\n\n\t\t\t\t\t<div id=\"elementor-tab-content-9493\" class=\"elementor-tab-content elementor-clearfix\" data-tab=\"3\" role=\"region\" aria-labelledby=\"elementor-tab-title-9493\"><p><span style=\"font-weight: 400;\">Ja. Din best\u00e4llning bekr\u00e4ftas f\u00f6rst n\u00e4r handpenning eller full betalning har mottagits. Handpenning \u00e5terbetalas normalt inte eftersom datumet reserveras exklusivt f\u00f6r din best\u00e4llning.<\/span><\/p><\/div>\n\t\t\t\t<\/div>\n\t\t\t\t\t\t\t<div class=\"elementor-toggle-item\">\n\t\t\t\t\t<div id=\"elementor-tab-title-9494\" class=\"elementor-tab-title\" data-tab=\"4\" role=\"button\" aria-controls=\"elementor-tab-content-9494\" aria-expanded=\"false\">\n\t\t\t\t\t\t\t\t\t\t\t\t<span class=\"elementor-toggle-icon elementor-toggle-icon-right\" aria-hidden=\"true\">\n\t\t\t\t\t\t\t\t\t\t\t\t\t\t\t<span class=\"elementor-toggle-icon-closed\"><svg xmlns=\"http:\/\/www.w3.org\/2000\/svg\" width=\"300\" height=\"300\" viewbox=\"0 0 300 300\" class=\"lakit-font-icon-svg\" data-icon-name=\"down-arrow\" data-icon-type=\"LaStudioIcons\"><path d=\"M150 225c-3.3 0-6.3-1.2-8.7-3.6L7.2 87.6l17.7-17.7L150 194.7 275.1 69.9l17.7 17.7L159 221.4c-2.7 2.4-5.7 3.6-9 3.6z\" fill=\"currentColor\"\/><\/svg><\/span>\n\t\t\t\t\t\t\t\t<span class=\"elementor-toggle-icon-opened\"><svg xmlns=\"http:\/\/www.w3.org\/2000\/svg\" width=\"300\" height=\"300\" viewbox=\"0 0 300 300\" class=\"lakit-font-icon-svg\" data-icon-name=\"up-arrow\" data-icon-type=\"LaStudioIcons\"><path d=\"M275.1 230.1L150 105.3 24.9 230.1 7.2 212.4 141.3 78.6c4.8-4.8 12.6-4.8 17.7 0l133.8 133.8-17.7 17.7z\" fill=\"currentColor\"\/><\/svg><\/span>\n\t\t\t\t\t\t\t\t\t\t\t\t\t<\/span>\n\t\t\t\t\t\t\t\t\t\t\t\t<a class=\"elementor-toggle-title\" tabindex=\"0\">G\u00f6r ni specialdesignade t\u00e5rtor?<\/a>\n\t\t\t\t\t<\/div>\n\n\t\t\t\t\t<div id=\"elementor-tab-content-9494\" class=\"elementor-tab-content elementor-clearfix\" data-tab=\"4\" role=\"region\" aria-labelledby=\"elementor-tab-title-9494\"><p><span style=\"font-weight: 400;\">Ja. Vi specialiserar oss p\u00e5 skr\u00e4ddarsydda t\u00e5rtor. Du kan skicka inspirationsbilder eller beskriva din id\u00e9 s\u00e5 skapar vi en design anpassad efter dina \u00f6nskem\u00e5l.<\/span><\/p><\/div>\n\t\t\t\t<\/div>\n\t\t\t\t\t\t\t<div class=\"elementor-toggle-item\">\n\t\t\t\t\t<div id=\"elementor-tab-title-9495\" class=\"elementor-tab-title\" data-tab=\"5\" role=\"button\" aria-controls=\"elementor-tab-content-9495\" aria-expanded=\"false\">\n\t\t\t\t\t\t\t\t\t\t\t\t<span class=\"elementor-toggle-icon elementor-toggle-icon-right\" aria-hidden=\"true\">\n\t\t\t\t\t\t\t\t\t\t\t\t\t\t\t<span class=\"elementor-toggle-icon-closed\"><svg xmlns=\"http:\/\/www.w3.org\/2000\/svg\" width=\"300\" height=\"300\" viewbox=\"0 0 300 300\" class=\"lakit-font-icon-svg\" data-icon-name=\"down-arrow\" data-icon-type=\"LaStudioIcons\"><path d=\"M150 225c-3.3 0-6.3-1.2-8.7-3.6L7.2 87.6l17.7-17.7L150 194.7 275.1 69.9l17.7 17.7L159 221.4c-2.7 2.4-5.7 3.6-9 3.6z\" fill=\"currentColor\"\/><\/svg><\/span>\n\t\t\t\t\t\t\t\t<span class=\"elementor-toggle-icon-opened\"><svg xmlns=\"http:\/\/www.w3.org\/2000\/svg\" width=\"300\" height=\"300\" viewbox=\"0 0 300 300\" class=\"lakit-font-icon-svg\" data-icon-name=\"up-arrow\" data-icon-type=\"LaStudioIcons\"><path d=\"M275.1 230.1L150 105.3 24.9 230.1 7.2 212.4 141.3 78.6c4.8-4.8 12.6-4.8 17.7 0l133.8 133.8-17.7 17.7z\" fill=\"currentColor\"\/><\/svg><\/span>\n\t\t\t\t\t\t\t\t\t\t\t\t\t<\/span>\n\t\t\t\t\t\t\t\t\t\t\t\t<a class=\"elementor-toggle-title\" tabindex=\"0\">G\u00f6r ni br\u00f6llopst\u00e5rtor och f\u00f6retagsbest\u00e4llningar?<\/a>\n\t\t\t\t\t<\/div>\n\n\t\t\t\t\t<div id=\"elementor-tab-content-9495\" class=\"elementor-tab-content elementor-clearfix\" data-tab=\"5\" role=\"region\" aria-labelledby=\"elementor-tab-title-9495\"><p><span style=\"font-weight: 400;\">Ja, vi erbjuder b\u00e5de br\u00f6llopst\u00e5rtor och t\u00e5rtor f\u00f6r f\u00f6retagsevent. Kontakta oss g\u00e4rna f\u00f6r offert och planering.<\/span><\/p><\/div>\n\t\t\t\t<\/div>\n\t\t\t\t\t\t\t\t<\/div>\n\t\t\t\t\t\t<\/div>\n\t\t\t\t\t<\/div>\n\t\t<\/div>\n\t\t\t\t<div class=\"elementor-column elementor-col-50 elementor-inner-column elementor-element elementor-element-526ce82 lakit-col-width-auto-no\" data-id=\"526ce82\" data-element_type=\"column\" data-e-type=\"column\">\n\t\t\t<div class=\"elementor-widget-wrap elementor-element-populated\">\n\t\t\t\t\t\t<div class=\"elementor-element elementor-element-0eda67e elementor-widget elementor-widget-toggle\" data-id=\"0eda67e\" data-element_type=\"widget\" data-e-type=\"widget\" data-widget_type=\"toggle.default\">\n\t\t\t\t\t\t\t<div class=\"elementor-toggle\">\n\t\t\t\t\t\t\t<div class=\"elementor-toggle-item\">\n\t\t\t\t\t<div id=\"elementor-tab-title-1551\" class=\"elementor-tab-title\" data-tab=\"1\" role=\"button\" aria-controls=\"elementor-tab-content-1551\" aria-expanded=\"false\">\n\t\t\t\t\t\t\t\t\t\t\t\t<span class=\"elementor-toggle-icon elementor-toggle-icon-right\" aria-hidden=\"true\">\n\t\t\t\t\t\t\t\t\t\t\t\t\t\t\t<span class=\"elementor-toggle-icon-closed\"><svg xmlns=\"http:\/\/www.w3.org\/2000\/svg\" width=\"300\" height=\"300\" viewbox=\"0 0 300 300\" class=\"lakit-font-icon-svg\" data-icon-name=\"down-arrow\" data-icon-type=\"LaStudioIcons\"><path d=\"M150 225c-3.3 0-6.3-1.2-8.7-3.6L7.2 87.6l17.7-17.7L150 194.7 275.1 69.9l17.7 17.7L159 221.4c-2.7 2.4-5.7 3.6-9 3.6z\" fill=\"currentColor\"\/><\/svg><\/span>\n\t\t\t\t\t\t\t\t<span class=\"elementor-toggle-icon-opened\"><svg xmlns=\"http:\/\/www.w3.org\/2000\/svg\" width=\"300\" height=\"300\" viewbox=\"0 0 300 300\" class=\"lakit-font-icon-svg\" data-icon-name=\"up-arrow\" data-icon-type=\"LaStudioIcons\"><path d=\"M275.1 230.1L150 105.3 24.9 230.1 7.2 212.4 141.3 78.6c4.8-4.8 12.6-4.8 17.7 0l133.8 133.8-17.7 17.7z\" fill=\"currentColor\"\/><\/svg><\/span>\n\t\t\t\t\t\t\t\t\t\t\t\t\t<\/span>\n\t\t\t\t\t\t\t\t\t\t\t\t<a class=\"elementor-toggle-title\" tabindex=\"0\">Vilka smaker erbjuder ni?<\/a>\n\t\t\t\t\t<\/div>\n\n\t\t\t\t\t<div id=\"elementor-tab-content-1551\" class=\"elementor-tab-content elementor-clearfix\" data-tab=\"1\" role=\"region\" aria-labelledby=\"elementor-tab-title-1551\"><p><span style=\"font-weight: 400;\">Vi erbjuder flera olika smaker och fyllningar. Aktuella alternativ l\u00e4mnas vid f\u00f6rfr\u00e5gan eller finns i v\u00e5r meny.<\/span><\/p><\/div>\n\t\t\t\t<\/div>\n\t\t\t\t\t\t\t<div class=\"elementor-toggle-item\">\n\t\t\t\t\t<div id=\"elementor-tab-title-1552\" class=\"elementor-tab-title\" data-tab=\"2\" role=\"button\" aria-controls=\"elementor-tab-content-1552\" aria-expanded=\"false\">\n\t\t\t\t\t\t\t\t\t\t\t\t<span class=\"elementor-toggle-icon elementor-toggle-icon-right\" aria-hidden=\"true\">\n\t\t\t\t\t\t\t\t\t\t\t\t\t\t\t<span class=\"elementor-toggle-icon-closed\"><svg xmlns=\"http:\/\/www.w3.org\/2000\/svg\" width=\"300\" height=\"300\" viewbox=\"0 0 300 300\" class=\"lakit-font-icon-svg\" data-icon-name=\"down-arrow\" data-icon-type=\"LaStudioIcons\"><path d=\"M150 225c-3.3 0-6.3-1.2-8.7-3.6L7.2 87.6l17.7-17.7L150 194.7 275.1 69.9l17.7 17.7L159 221.4c-2.7 2.4-5.7 3.6-9 3.6z\" fill=\"currentColor\"\/><\/svg><\/span>\n\t\t\t\t\t\t\t\t<span class=\"elementor-toggle-icon-opened\"><svg xmlns=\"http:\/\/www.w3.org\/2000\/svg\" width=\"300\" height=\"300\" viewbox=\"0 0 300 300\" class=\"lakit-font-icon-svg\" data-icon-name=\"up-arrow\" data-icon-type=\"LaStudioIcons\"><path d=\"M275.1 230.1L150 105.3 24.9 230.1 7.2 212.4 141.3 78.6c4.8-4.8 12.6-4.8 17.7 0l133.8 133.8-17.7 17.7z\" fill=\"currentColor\"\/><\/svg><\/span>\n\t\t\t\t\t\t\t\t\t\t\t\t\t<\/span>\n\t\t\t\t\t\t\t\t\t\t\t\t<a class=\"elementor-toggle-title\" tabindex=\"0\">Kan jag h\u00e4mta min best\u00e4llning sj\u00e4lv?<\/a>\n\t\t\t\t\t<\/div>\n\n\t\t\t\t\t<div id=\"elementor-tab-content-1552\" class=\"elementor-tab-content elementor-clearfix\" data-tab=\"2\" role=\"region\" aria-labelledby=\"elementor-tab-title-1552\"><p><span style=\"font-weight: 400;\">Ja, upph\u00e4mtning sker enligt \u00f6verenskommen tid i Lindesberg.<\/span><\/p><p><span style=\"font-weight: 400;\">Observera att ansvaret f\u00f6r produkten \u00f6verg\u00e5r till kunden n\u00e4r best\u00e4llningen har h\u00e4mtats. Vi ansvarar inte f\u00f6r skador som uppst\u00e5r efter upph\u00e4mtning.<\/span><\/p><\/div>\n\t\t\t\t<\/div>\n\t\t\t\t\t\t\t<div class=\"elementor-toggle-item\">\n\t\t\t\t\t<div id=\"elementor-tab-title-1553\" class=\"elementor-tab-title\" data-tab=\"3\" role=\"button\" aria-controls=\"elementor-tab-content-1553\" aria-expanded=\"false\">\n\t\t\t\t\t\t\t\t\t\t\t\t<span class=\"elementor-toggle-icon elementor-toggle-icon-right\" aria-hidden=\"true\">\n\t\t\t\t\t\t\t\t\t\t\t\t\t\t\t<span class=\"elementor-toggle-icon-closed\"><svg xmlns=\"http:\/\/www.w3.org\/2000\/svg\" width=\"300\" height=\"300\" viewbox=\"0 0 300 300\" class=\"lakit-font-icon-svg\" data-icon-name=\"down-arrow\" data-icon-type=\"LaStudioIcons\"><path d=\"M150 225c-3.3 0-6.3-1.2-8.7-3.6L7.2 87.6l17.7-17.7L150 194.7 275.1 69.9l17.7 17.7L159 221.4c-2.7 2.4-5.7 3.6-9 3.6z\" fill=\"currentColor\"\/><\/svg><\/span>\n\t\t\t\t\t\t\t\t<span class=\"elementor-toggle-icon-opened\"><svg xmlns=\"http:\/\/www.w3.org\/2000\/svg\" width=\"300\" height=\"300\" viewbox=\"0 0 300 300\" class=\"lakit-font-icon-svg\" data-icon-name=\"up-arrow\" data-icon-type=\"LaStudioIcons\"><path d=\"M275.1 230.1L150 105.3 24.9 230.1 7.2 212.4 141.3 78.6c4.8-4.8 12.6-4.8 17.7 0l133.8 133.8-17.7 17.7z\" fill=\"currentColor\"\/><\/svg><\/span>\n\t\t\t\t\t\t\t\t\t\t\t\t\t<\/span>\n\t\t\t\t\t\t\t\t\t\t\t\t<a class=\"elementor-toggle-title\" tabindex=\"0\">Hur ska t\u00e5rtan f\u00f6rvaras?<\/a>\n\t\t\t\t\t<\/div>\n\n\t\t\t\t\t<div id=\"elementor-tab-content-1553\" class=\"elementor-tab-content elementor-clearfix\" data-tab=\"3\" role=\"region\" aria-labelledby=\"elementor-tab-title-1553\"><p><span style=\"font-weight: 400;\">T\u00e5rtan ska f\u00f6rvaras i kylsk\u00e5p fram till servering om inget annat anges. F\u00f6r b\u00e4sta smak och konsistens rekommenderar vi att ta fram t\u00e5rtan cirka 20\u201330 minuter f\u00f6re servering.<\/span><\/p><\/div>\n\t\t\t\t<\/div>\n\t\t\t\t\t\t\t<div class=\"elementor-toggle-item\">\n\t\t\t\t\t<div id=\"elementor-tab-title-1554\" class=\"elementor-tab-title\" data-tab=\"4\" role=\"button\" aria-controls=\"elementor-tab-content-1554\" aria-expanded=\"false\">\n\t\t\t\t\t\t\t\t\t\t\t\t<span class=\"elementor-toggle-icon elementor-toggle-icon-right\" aria-hidden=\"true\">\n\t\t\t\t\t\t\t\t\t\t\t\t\t\t\t<span class=\"elementor-toggle-icon-closed\"><svg xmlns=\"http:\/\/www.w3.org\/2000\/svg\" width=\"300\" height=\"300\" viewbox=\"0 0 300 300\" class=\"lakit-font-icon-svg\" data-icon-name=\"down-arrow\" data-icon-type=\"LaStudioIcons\"><path d=\"M150 225c-3.3 0-6.3-1.2-8.7-3.6L7.2 87.6l17.7-17.7L150 194.7 275.1 69.9l17.7 17.7L159 221.4c-2.7 2.4-5.7 3.6-9 3.6z\" fill=\"currentColor\"\/><\/svg><\/span>\n\t\t\t\t\t\t\t\t<span class=\"elementor-toggle-icon-opened\"><svg xmlns=\"http:\/\/www.w3.org\/2000\/svg\" width=\"300\" height=\"300\" viewbox=\"0 0 300 300\" class=\"lakit-font-icon-svg\" data-icon-name=\"up-arrow\" data-icon-type=\"LaStudioIcons\"><path d=\"M275.1 230.1L150 105.3 24.9 230.1 7.2 212.4 141.3 78.6c4.8-4.8 12.6-4.8 17.7 0l133.8 133.8-17.7 17.7z\" fill=\"currentColor\"\/><\/svg><\/span>\n\t\t\t\t\t\t\t\t\t\t\t\t\t<\/span>\n\t\t\t\t\t\t\t\t\t\t\t\t<a class=\"elementor-toggle-title\" tabindex=\"0\">Erbjuder ni leverans?<\/a>\n\t\t\t\t\t<\/div>\n\n\t\t\t\t\t<div id=\"elementor-tab-content-1554\" class=\"elementor-tab-content elementor-clearfix\" data-tab=\"4\" role=\"region\" aria-labelledby=\"elementor-tab-title-1554\"><p><span style=\"font-weight: 400;\">Ja, leverans finns inom \u00d6rebro l\u00e4n enligt \u00f6verenskommelse och kostnaden beror p\u00e5 avst\u00e5ndet.<\/span><\/p><ul><li style=\"font-weight: 400;\" aria-level=\"1\"><span style=\"font-weight: 400;\">Upp till 4 km: <b>120 kr<\/b><\/span><\/li><li style=\"font-weight: 400;\" aria-level=\"1\"><span style=\"font-weight: 400;\">\u00d6ver 4 km:<strong>120 kr + 16 kr per extra kilometer<\/strong>.<\/span><\/li><\/ul><p><span style=\"font-weight: 400;\">Alla avst\u00e5nd ber\u00e4knas fr\u00e5n <b>Lindesberg<\/b>.<\/span><\/p><\/div>\n\t\t\t\t<\/div>\n\t\t\t\t\t\t\t<div class=\"elementor-toggle-item\">\n\t\t\t\t\t<div id=\"elementor-tab-title-1555\" class=\"elementor-tab-title\" data-tab=\"5\" role=\"button\" aria-controls=\"elementor-tab-content-1555\" aria-expanded=\"false\">\n\t\t\t\t\t\t\t\t\t\t\t\t<span class=\"elementor-toggle-icon elementor-toggle-icon-right\" aria-hidden=\"true\">\n\t\t\t\t\t\t\t\t\t\t\t\t\t\t\t<span class=\"elementor-toggle-icon-closed\"><svg xmlns=\"http:\/\/www.w3.org\/2000\/svg\" width=\"300\" height=\"300\" viewbox=\"0 0 300 300\" class=\"lakit-font-icon-svg\" data-icon-name=\"down-arrow\" data-icon-type=\"LaStudioIcons\"><path d=\"M150 225c-3.3 0-6.3-1.2-8.7-3.6L7.2 87.6l17.7-17.7L150 194.7 275.1 69.9l17.7 17.7L159 221.4c-2.7 2.4-5.7 3.6-9 3.6z\" fill=\"currentColor\"\/><\/svg><\/span>\n\t\t\t\t\t\t\t\t<span class=\"elementor-toggle-icon-opened\"><svg xmlns=\"http:\/\/www.w3.org\/2000\/svg\" width=\"300\" height=\"300\" viewbox=\"0 0 300 300\" class=\"lakit-font-icon-svg\" data-icon-name=\"up-arrow\" data-icon-type=\"LaStudioIcons\"><path d=\"M275.1 230.1L150 105.3 24.9 230.1 7.2 212.4 141.3 78.6c4.8-4.8 12.6-4.8 17.7 0l133.8 133.8-17.7 17.7z\" fill=\"currentColor\"\/><\/svg><\/span>\n\t\t\t\t\t\t\t\t\t\t\t\t\t<\/span>\n\t\t\t\t\t\t\t\t\t\t\t\t<a class=\"elementor-toggle-title\" tabindex=\"0\">Kan jag avboka min best\u00e4llning?<\/a>\n\t\t\t\t\t<\/div>\n\n\t\t\t\t\t<div id=\"elementor-tab-content-1555\" class=\"elementor-tab-content elementor-clearfix\" data-tab=\"5\" role=\"region\" aria-labelledby=\"elementor-tab-title-1555\"><p><span style=\"font-weight: 400;\">Ja, det \u00e4r m\u00f6jligt att avboka din best\u00e4llning. Avbokningsvillkor beror p\u00e5 hur n\u00e4ra inp\u00e5 upph\u00e4mtnings- eller leveransdatumet avbokningen sker. Fullst\u00e4ndig information l\u00e4mnas vid bokningstillf\u00e4llet.<\/span><\/p><\/div>\n\t\t\t\t<\/div>\n\t\t\t\t\t\t\t\t<\/div>\n\t\t\t\t\t\t<\/div>\n\t\t\t\t\t<\/div>\n\t\t<\/div>\n\t\t\t\t\t<\/div>\n\t\t<\/section>\n\t\t\t\t\t<\/div>\n\t\t<\/div>\n\t\t\t\t\t<\/div>\n\t\t<\/section>\n\t\t\t\t<\/div>","protected":false},"excerpt":{"rendered":"<p>FAQ Shopping Questions How do I place an order? You can place an order by contacting us via WhatsApp or [&hellip;]<\/p>\n","protected":false},"author":1,"featured_media":0,"parent":0,"menu_order":0,"comment_status":"closed","ping_status":"closed","template":"","meta":{"footnotes":""},"class_list":["post-1282","page","type-page","status-publish","hentry"],"_links":{"self":[{"href":"https:\/\/bakerfresh.dev.fractal.am\/sv\/wp-json\/wp\/v2\/pages\/1282","targetHints":{"allow":["GET"]}}],"collection":[{"href":"https:\/\/bakerfresh.dev.fractal.am\/sv\/wp-json\/wp\/v2\/pages"}],"about":[{"href":"https:\/\/bakerfresh.dev.fractal.am\/sv\/wp-json\/wp\/v2\/types\/page"}],"author":[{"embeddable":true,"href":"https:\/\/bakerfresh.dev.fractal.am\/sv\/wp-json\/wp\/v2\/users\/1"}],"replies":[{"embeddable":true,"href":"https:\/\/bakerfresh.dev.fractal.am\/sv\/wp-json\/wp\/v2\/comments?post=1282"}],"version-history":[{"count":22,"href":"https:\/\/bakerfresh.dev.fractal.am\/sv\/wp-json\/wp\/v2\/pages\/1282\/revisions"}],"predecessor-version":[{"id":4131,"href":"https:\/\/bakerfresh.dev.fractal.am\/sv\/wp-json\/wp\/v2\/pages\/1282\/revisions\/4131"}],"wp:attachment":[{"href":"https:\/\/bakerfresh.dev.fractal.am\/sv\/wp-json\/wp\/v2\/media?parent=1282"}],"curies":[{"name":"wp","href":"https:\/\/api.w.org\/{rel}","templated":true}]}}