{"id":3,"date":"2026-03-05T12:23:11","date_gmt":"2026-03-05T12:23:11","guid":{"rendered":"https:\/\/bakerfresh.dev.fractal.am\/?page_id=3"},"modified":"2026-03-10T10:11:26","modified_gmt":"2026-03-10T10:11:26","slug":"privacy-policy-2","status":"publish","type":"page","link":"https:\/\/bakerfresh.dev.fractal.am\/sv\/privacy-policy-2\/","title":{"rendered":"Integritetspolicy"},"content":{"rendered":"<div data-elementor-type=\"wp-page\" data-elementor-id=\"3\" class=\"elementor elementor-3\">\n\t\t\t\t<div class=\"elementor-element elementor-element-eaa0284 e-flex e-con-boxed lakit-col-width-auto-no e-container e-root-container elementor-top-section e-con e-parent\" data-id=\"eaa0284\" data-element_type=\"container\" data-e-type=\"container\">\n\t\t\t\t\t<div class=\"e-con-inner\">\n\t\t\t\t<div class=\"elementor-element elementor-element-74766b49 elementor-widget elementor-widget-text-editor\" data-id=\"74766b49\" data-element_type=\"widget\" data-e-type=\"widget\" data-widget_type=\"text-editor.default\">\n\t\t\t\t\t\t\t\t\t\n<p><b>Integritetspolicy<\/b><\/p>\n<p><span style=\"font-weight: 400;\">GoCakes f\u00f6ljer Dataskyddsf\u00f6rordningen (GDPR) och till\u00e4mpar g\u00e4llande integritetslagstiftning vid all behandling av personuppgifter.<\/span><\/p>\n<p><span style=\"font-weight: 400;\">Syftet med att behandla personuppgifter i v\u00e5r verksamhet \u00e4r att kunna hantera best\u00e4llningar, svara p\u00e5 f\u00f6rfr\u00e5gningar, kommunicera med kunder kring best\u00e4llningar och leveranser samt uppfylla krav enligt bokf\u00f6ringslagen.<\/span><\/p>\n<p><b>Kategorier av personuppgifter<\/b><\/p>\n<p><span style=\"font-weight: 400;\">Vi kan behandla f\u00f6ljande personuppgifter:<\/span><\/p>\n<ul>\n<li style=\"font-weight: 400;\" aria-level=\"1\"><span style=\"font-weight: 400;\">Namn<\/span><\/li>\n<li style=\"font-weight: 400;\" aria-level=\"1\"><span style=\"font-weight: 400;\">Telefonnummer<\/span><\/li>\n<li style=\"font-weight: 400;\" aria-level=\"1\"><span style=\"font-weight: 400;\">E-postadress<\/span><\/li>\n<li style=\"font-weight: 400;\" aria-level=\"1\"><span style=\"font-weight: 400;\">Leverans- eller upph\u00e4mtningsinformation<\/span><\/li>\n<li style=\"font-weight: 400;\" aria-level=\"1\"><span style=\"font-weight: 400;\">Best\u00e4llningsuppgifter<\/span><\/li>\n<li style=\"font-weight: 400;\" aria-level=\"1\"><span style=\"font-weight: 400;\">Meddelanden som du skickar till oss via e-post, WhatsApp eller sociala medier<\/span><\/li>\n<\/ul>\n<p><span style=\"font-weight: 400;\">Eventuella uppgifter om allergier anv\u00e4nds endast f\u00f6r att kunna genomf\u00f6ra best\u00e4llningen och sparas inte l\u00e4ngre \u00e4n n\u00f6dv\u00e4ndigt.<\/span><\/p>\n<p><span style=\"font-weight: 400;\">Personuppgifter i kommunikation sparas normalt upp till ett \u00e5r efter senaste kontakt, eller raderas tidigare p\u00e5 beg\u00e4ran.<\/span><\/p>\n<p><span style=\"font-weight: 400;\">F\u00f6r bokf\u00f6ring sparas uppgifter enligt lag. Enligt bokf\u00f6ringslagen ska verifikationer sparas i 7 \u00e5r.<\/span><\/p>\n<p><b>Delning av personuppgifter<\/b><\/p>\n<p><span style=\"font-weight: 400;\">Vi l\u00e4mnar inte ut personuppgifter till tredje part, f\u00f6rutom n\u00e4r det \u00e4r n\u00f6dv\u00e4ndigt f\u00f6r att genomf\u00f6ra tj\u00e4nsten, till exempel:<\/span><\/p>\n<ul>\n<li style=\"font-weight: 400;\" aria-level=\"1\"><span style=\"font-weight: 400;\">Betalningsleverant\u00f6rer<\/span><\/li>\n<li style=\"font-weight: 400;\" aria-level=\"1\"><span style=\"font-weight: 400;\">Leveranstj\u00e4nster<\/span><\/li>\n<li style=\"font-weight: 400;\" aria-level=\"1\"><span style=\"font-weight: 400;\">Bokf\u00f6ringstj\u00e4nster<\/span><\/li>\n<li style=\"font-weight: 400;\" aria-level=\"1\"><span style=\"font-weight: 400;\">Myndigheter enligt lagkrav<\/span><\/li>\n<\/ul>\n<p><b>Dina r\u00e4ttigheter<\/b><\/p>\n<p><span style=\"font-weight: 400;\">Enligt GDPR har du r\u00e4tt att:<\/span><\/p>\n<ul>\n<li style=\"font-weight: 400;\" aria-level=\"1\"><span style=\"font-weight: 400;\">Beg\u00e4ra information om vilka personuppgifter vi har om dig<\/span><\/li>\n<li style=\"font-weight: 400;\" aria-level=\"1\"><span style=\"font-weight: 400;\">Beg\u00e4ra r\u00e4ttelse av felaktiga uppgifter<\/span><\/li>\n<li style=\"font-weight: 400;\" aria-level=\"1\"><span style=\"font-weight: 400;\">Beg\u00e4ra radering av uppgifter (n\u00e4r det \u00e4r m\u00f6jligt enligt lag)<\/span><\/li>\n<li style=\"font-weight: 400;\" aria-level=\"1\"><span style=\"font-weight: 400;\">Inv\u00e4nda mot behandling<\/span><\/li>\n<li style=\"font-weight: 400;\" aria-level=\"1\"><span style=\"font-weight: 400;\">\u00c5terkalla samtycke<\/span><\/li>\n<li style=\"font-weight: 400;\" aria-level=\"1\"><span style=\"font-weight: 400;\">L\u00e4mna klagom\u00e5l till Integritetsskyddsmyndigheten (IMY)<\/span><\/li>\n<\/ul>\n<p><b>Kontaktuppgifter<\/b><\/p>\n<p class=\"translation-block\"><b>GoCakes<\/b><span style=\"font-weight: 400\">\n<br><\/span><span style=\"font-weight: 400\">\nLindesberg, \u00d6rebro l\u00e4n, Sverige<\/span><span style=\"font-weight: 400\"><br><\/span><span style=\"font-weight: 400\">\nTelefon \/ WhatsApp: +46 72 011 68 20<\/span><\/p>\t\t\t\t\t\t\t\t<\/div>\n\t\t\t\t\t<\/div>\n\t\t\t\t<\/div>\n\t\t\t\t<\/div>","protected":false},"excerpt":{"rendered":"<p>Privacy Policy GoCakes complies with the General Data Protection Regulation (GDPR) and applies applicable data protection legislation when processing personal [&hellip;]<\/p>\n","protected":false},"author":1,"featured_media":0,"parent":0,"menu_order":0,"comment_status":"closed","ping_status":"closed","template":"","meta":{"footnotes":""},"class_list":["post-3","page","type-page","status-publish","hentry"],"_links":{"self":[{"href":"https:\/\/bakerfresh.dev.fractal.am\/sv\/wp-json\/wp\/v2\/pages\/3","targetHints":{"allow":["GET"]}}],"collection":[{"href":"https:\/\/bakerfresh.dev.fractal.am\/sv\/wp-json\/wp\/v2\/pages"}],"about":[{"href":"https:\/\/bakerfresh.dev.fractal.am\/sv\/wp-json\/wp\/v2\/types\/page"}],"author":[{"embeddable":true,"href":"https:\/\/bakerfresh.dev.fractal.am\/sv\/wp-json\/wp\/v2\/users\/1"}],"replies":[{"embeddable":true,"href":"https:\/\/bakerfresh.dev.fractal.am\/sv\/wp-json\/wp\/v2\/comments?post=3"}],"version-history":[{"count":7,"href":"https:\/\/bakerfresh.dev.fractal.am\/sv\/wp-json\/wp\/v2\/pages\/3\/revisions"}],"predecessor-version":[{"id":3360,"href":"https:\/\/bakerfresh.dev.fractal.am\/sv\/wp-json\/wp\/v2\/pages\/3\/revisions\/3360"}],"wp:attachment":[{"href":"https:\/\/bakerfresh.dev.fractal.am\/sv\/wp-json\/wp\/v2\/media?parent=3"}],"curies":[{"name":"wp","href":"https:\/\/api.w.org\/{rel}","templated":true}]}}