{"id":3390,"date":"2026-03-10T11:42:26","date_gmt":"2026-03-10T11:42:26","guid":{"rendered":"https:\/\/bakerfresh.dev.fractal.am\/?page_id=3390"},"modified":"2026-03-30T11:38:06","modified_gmt":"2026-03-30T11:38:06","slug":"delivery","status":"publish","type":"page","link":"https:\/\/bakerfresh.dev.fractal.am\/sv\/delivery\/","title":{"rendered":"Delivery"},"content":{"rendered":"<div data-elementor-type=\"wp-page\" data-elementor-id=\"3390\" class=\"elementor elementor-3390\">\n\t\t\t\t<div class=\"elementor-element elementor-element-18ab1d05 e-flex e-con-boxed lakit-col-width-auto-no e-container e-root-container elementor-top-section e-con e-parent\" data-id=\"18ab1d05\" data-element_type=\"container\" data-e-type=\"container\">\n\t\t\t\t\t<div class=\"e-con-inner\">\n\t\t\t\t<div class=\"elementor-element elementor-element-8462af6 elementor-widget elementor-widget-text-editor\" data-id=\"8462af6\" data-element_type=\"widget\" data-e-type=\"widget\" data-widget_type=\"text-editor.default\">\n\t\t\t\t\t\t\t\t\t\n<p><strong>Leveransinformation<\/strong><\/p>\n\n<p>Leverans erbjuds inom <b>\u00d6rebro l\u00e4n<\/b> p\u00e5 f\u00f6rfr\u00e5gan.<\/p>\n\n<ul class=\"wp-block-list\">\n<li>Upp till 4 km: <b>120 kr<\/b><\/li>\n\n<li>\u00d6ver 4 km:<strong>120 kr + 16 kr per extra kilometer<\/strong>.<\/li>\n<\/ul>\n\n<p>Alla avst\u00e5nd ber\u00e4knas fr\u00e5n <b>Lindesberg<\/b>.<\/p>\n\n<p>Vi rekommenderar leverans f\u00f6r st\u00f6rre eller mer k\u00e4nsliga t\u00e5rtor f\u00f6r att s\u00e4kerst\u00e4lla en trygg transport och att t\u00e5rtan anl\u00e4nder i perfekt skick.<\/p>\n\n<p><strong><b>Leverans- och Upph\u00e4mtningspolicy<\/b><\/strong><\/p>\n\n<p>Vi erbjuder b\u00e5de <b>upph\u00e4mtning och leverans<\/b>.<\/p>\n\n<p><strong><b>Ansvar vid upph\u00e4mtning\n<\/b><\/strong><\/p>\n\n<p>N\u00e4r en best\u00e4llning h\u00e4mtas av kunden eller av en tredje part \u00f6verg\u00e5r <b>hela ansvaret f\u00f6r produkten till kunden vid upph\u00e4mtningstillf\u00e4llet<\/b>.<\/p>\n\n<p>GoCakes ansvarar inte f\u00f6r skador som uppst\u00e5r efter att t\u00e5rtan har h\u00e4mtats, inklusive skador som uppst\u00e5r under transport, hantering, f\u00f6rvaring eller p\u00e5 grund av yttre f\u00f6rh\u00e5llanden.<\/p>\n\n<p>Vid upph\u00e4mtning l\u00e4mnar vi <b>transportrekommendationer<\/b> f\u00f6r att hj\u00e4lpa till att s\u00e4kerst\u00e4lla en s\u00e4ker hantering av produkten.<\/p>\n\n<p><strong><b>Ansvar vid leverans\n<\/b><\/strong><\/p>\n\n<p>N\u00e4r leverans sker genom GoCakes ansvarar vi f\u00f6r produkten fram tills att den \u00f6verl\u00e4mnas till kunden p\u00e5 den <b>\u00f6verenskomna leveransadressen<\/b>.<\/p>\n\n<p><strong><strong>F\u00f6rvaring och h\u00e5llbarhet<\/strong><\/strong><\/p>\n\n<p>T\u00e5rtor \u00e4r <b>f\u00e4rska och k\u00e4nsliga produkter<\/b> och b\u00f6r f\u00f6rvaras enligt de instruktioner som l\u00e4mnas vid upph\u00e4mtning eller leverans.<br>\nGoCakes ansvarar inte f\u00f6r kvalitetsproblem som uppst\u00e5r p\u00e5 grund av <b>felaktig f\u00f6rvaring efter upph\u00e4mtning eller leverans<\/b>.<\/p>\n\t\t\t\t\t\t\t\t<\/div>\n\t\t\t\t\t<\/div>\n\t\t\t\t<\/div>\n\t\t\t\t<\/div>","protected":false},"excerpt":{"rendered":"<p>Delivery Information Delivery is available within \u00d6rebro County upon request. All distances are calculated from Lindesberg. We recommend delivery for [&hellip;]<\/p>\n","protected":false},"author":1,"featured_media":0,"parent":0,"menu_order":0,"comment_status":"closed","ping_status":"closed","template":"","meta":{"footnotes":""},"class_list":["post-3390","page","type-page","status-publish","hentry"],"_links":{"self":[{"href":"https:\/\/bakerfresh.dev.fractal.am\/sv\/wp-json\/wp\/v2\/pages\/3390","targetHints":{"allow":["GET"]}}],"collection":[{"href":"https:\/\/bakerfresh.dev.fractal.am\/sv\/wp-json\/wp\/v2\/pages"}],"about":[{"href":"https:\/\/bakerfresh.dev.fractal.am\/sv\/wp-json\/wp\/v2\/types\/page"}],"author":[{"embeddable":true,"href":"https:\/\/bakerfresh.dev.fractal.am\/sv\/wp-json\/wp\/v2\/users\/1"}],"replies":[{"embeddable":true,"href":"https:\/\/bakerfresh.dev.fractal.am\/sv\/wp-json\/wp\/v2\/comments?post=3390"}],"version-history":[{"count":5,"href":"https:\/\/bakerfresh.dev.fractal.am\/sv\/wp-json\/wp\/v2\/pages\/3390\/revisions"}],"predecessor-version":[{"id":3756,"href":"https:\/\/bakerfresh.dev.fractal.am\/sv\/wp-json\/wp\/v2\/pages\/3390\/revisions\/3756"}],"wp:attachment":[{"href":"https:\/\/bakerfresh.dev.fractal.am\/sv\/wp-json\/wp\/v2\/media?parent=3390"}],"curies":[{"name":"wp","href":"https:\/\/api.w.org\/{rel}","templated":true}]}}