{"id":3522,"date":"2026-03-19T10:47:15","date_gmt":"2026-03-19T10:47:15","guid":{"rendered":"https:\/\/bakerfresh.dev.fractal.am\/?page_id=3522"},"modified":"2026-04-14T07:11:38","modified_gmt":"2026-04-14T07:11:38","slug":"flavours","status":"publish","type":"page","link":"https:\/\/bakerfresh.dev.fractal.am\/sv\/flavours\/","title":{"rendered":"Smaker"},"content":{"rendered":"<div data-elementor-type=\"wp-page\" data-elementor-id=\"3522\" class=\"elementor elementor-3522\">\n\t\t\t\t<div class=\"elementor-element elementor-element-4d9d469 e-flex e-con-boxed lakit-col-width-auto-no e-container e-root-container elementor-top-section e-con e-parent\" data-id=\"4d9d469\" data-element_type=\"container\" data-e-type=\"container\">\n\t\t\t\t\t<div class=\"e-con-inner\">\n\t\t\t\t<div class=\"elementor-element elementor-element-a31f9dd elementor-widget elementor-widget-heading\" data-id=\"a31f9dd\" data-element_type=\"widget\" data-e-type=\"widget\" data-widget_type=\"heading.default\">\n\t\t\t\t\t<h1 class=\"elementor-heading-title elementor-size-default\">Smaker<\/h1>\t\t\t\t<\/div>\n\t\t\t\t\t<\/div>\n\t\t\t\t<\/div>\n\t\t<div class=\"elementor-element elementor-element-b1957f7 e-grid e-con-boxed lakit-col-width-auto-no e-container e-root-container elementor-top-section e-con e-parent\" data-id=\"b1957f7\" data-element_type=\"container\" data-e-type=\"container\">\n\t\t\t\t\t<div class=\"e-con-inner\">\n\t\t\t\t<div class=\"elementor-element elementor-element-cf39b35 lakit-equal-height-enable elementor-widget lastudio-kit elementor-lakit-image-box\" data-id=\"cf39b35\" data-element_type=\"widget\" data-e-type=\"widget\" data-widget_type=\"lakit-image-box.default\">\n\t\t\t\t\t<div class=\"lakit-imagebox text-center lakit-imagebox__content-align-center style-modern\"><div class=\"lakit-imagebox__header figure__object_fit\"><img fetchpriority=\"high\" decoding=\"async\" width=\"800\" height=\"800\" src=\"https:\/\/bakerfresh.dev.fractal.am\/wp-content\/uploads\/2026\/03\/m8-prod7-3.png\" class=\"lakit-imagebox__main_img attachment-full size-full wp-image-3094\" alt=\"\" \/><\/div><div class=\"lakit-imagebox__body\"><div class=\"lakit-imagebox__body_inner\"><h3 class=\"lakit-imagebox__title\"><span class=\"lakit-imagebox__title_text\">SNICKERS (inneh\u00e5ller n\u00f6tter )<\/span><\/h3><div class=\"lakit-imagebox__desc\">Saftiga chokladbottnar med karamellkr\u00e4m, chokladkr\u00e4m, mjuk karamell och n\u00f6tter.\n                                                            <\/div><\/div><\/div><\/div>\t\t\t\t<\/div>\n\t\t\t\t<div class=\"elementor-element elementor-element-33ba964 lakit-equal-height-enable elementor-widget lastudio-kit elementor-lakit-image-box\" data-id=\"33ba964\" data-element_type=\"widget\" data-e-type=\"widget\" data-widget_type=\"lakit-image-box.default\">\n\t\t\t\t\t<div class=\"lakit-imagebox text-center lakit-imagebox__content-align-center style-modern\"><div class=\"lakit-imagebox__header figure__object_fit\"><img decoding=\"async\" width=\"1474\" height=\"1474\" src=\"https:\/\/bakerfresh.dev.fractal.am\/wp-content\/uploads\/2026\/03\/m3-prod9-4.jpg\" class=\"lakit-imagebox__main_img attachment-full size-full wp-image-3079\" alt=\"\" \/><\/div><div class=\"lakit-imagebox__body\"><div class=\"lakit-imagebox__body_inner\"><h3 class=\"lakit-imagebox__title\"><span class=\"lakit-imagebox__title_text\">BANAN OCH JORDGUBB<\/span><\/h3><div class=\"lakit-imagebox__desc\">Vaniljbottnar med bananmousse, jordgubbsfyllning och vaniljkr\u00e4m.\n<\/div><\/div><\/div><\/div>\t\t\t\t<\/div>\n\t\t\t\t<div class=\"elementor-element elementor-element-e68da28 lakit-equal-height-enable elementor-widget lastudio-kit elementor-lakit-image-box\" data-id=\"e68da28\" data-element_type=\"widget\" data-e-type=\"widget\" data-widget_type=\"lakit-image-box.default\">\n\t\t\t\t\t<div class=\"lakit-imagebox text-center lakit-imagebox__content-align-center style-modern\"><div class=\"lakit-imagebox__header figure__object_fit\"><img decoding=\"async\" width=\"800\" height=\"800\" src=\"https:\/\/bakerfresh.dev.fractal.am\/wp-content\/uploads\/2026\/03\/m8-prod4-2.png\" class=\"lakit-imagebox__main_img attachment-full size-full wp-image-3091\" alt=\"\" \/><\/div><div class=\"lakit-imagebox__body\"><div class=\"lakit-imagebox__body_inner\"><h3 class=\"lakit-imagebox__title\"><span class=\"lakit-imagebox__title_text\">B\u00c4RT\u00c5RTA (v\u00e4lj bottnar och b\u00e4r)<\/span><\/h3><div class=\"lakit-imagebox__desc\">Vanilj- eller chokladbottnar med vaniljkr\u00e4m, bl\u00e5b\u00e4r, hallon eller    \n     jordgubb mousse samt smakrik curd med valda b\u00e4r.\n<\/div><\/div><\/div><\/div>\t\t\t\t<\/div>\n\t\t\t\t<div class=\"elementor-element elementor-element-24b3ade lakit-equal-height-enable elementor-widget lastudio-kit elementor-lakit-image-box\" data-id=\"24b3ade\" data-element_type=\"widget\" data-e-type=\"widget\" data-widget_type=\"lakit-image-box.default\">\n\t\t\t\t\t<div class=\"lakit-imagebox text-center lakit-imagebox__content-align-center style-modern\"><div class=\"lakit-imagebox__header figure__object_fit\"><img loading=\"lazy\" decoding=\"async\" width=\"800\" height=\"800\" src=\"https:\/\/bakerfresh.dev.fractal.am\/wp-content\/uploads\/2026\/03\/m8-prod1-3.png\" class=\"lakit-imagebox__main_img attachment-full size-full wp-image-3088\" alt=\"\" \/><\/div><div class=\"lakit-imagebox__body\"><div class=\"lakit-imagebox__body_inner\"><h3 class=\"lakit-imagebox__title\"><span class=\"lakit-imagebox__title_text\">RED VELVET<\/span><\/h3><div class=\"lakit-imagebox__desc\">Smakrika och saftiga bottnar fyllda med en lyxig kr\u00e4m av vit belgisk choklad och mascarpone.\n<\/div><\/div><\/div><\/div>\t\t\t\t<\/div>\n\t\t\t\t<div class=\"elementor-element elementor-element-2d67d50 lakit-equal-height-enable elementor-widget lastudio-kit elementor-lakit-image-box\" data-id=\"2d67d50\" data-element_type=\"widget\" data-e-type=\"widget\" data-widget_type=\"lakit-image-box.default\">\n\t\t\t\t\t<div class=\"lakit-imagebox text-center lakit-imagebox__content-align-center style-modern\"><div class=\"lakit-imagebox__header figure__object_fit\"><img fetchpriority=\"high\" decoding=\"async\" width=\"800\" height=\"800\" src=\"https:\/\/bakerfresh.dev.fractal.am\/wp-content\/uploads\/2026\/03\/m8-prod7-3.png\" class=\"lakit-imagebox__main_img attachment-full size-full wp-image-3094\" alt=\"\" \/><\/div><div class=\"lakit-imagebox__body\"><div class=\"lakit-imagebox__body_inner\"><h3 class=\"lakit-imagebox__title\"><span class=\"lakit-imagebox__title_text\">CHOKLAD I CHOKLADET<\/span><\/h3><div class=\"lakit-imagebox__desc\">Saftiga chokladbottnar fyllda med kr\u00e4m av m\u00f6rk choklad och smakrik mousse av mj\u00f6lkchoklad.\n<\/div><\/div><\/div><\/div>\t\t\t\t<\/div>\n\t\t\t\t<div class=\"elementor-element elementor-element-edd47bc lakit-equal-height-enable elementor-widget lastudio-kit elementor-lakit-image-box\" data-id=\"edd47bc\" data-element_type=\"widget\" data-e-type=\"widget\" data-widget_type=\"lakit-image-box.default\">\n\t\t\t\t\t<div class=\"lakit-imagebox text-center lakit-imagebox__content-align-center style-modern\"><div class=\"lakit-imagebox__header figure__object_fit\"><img loading=\"lazy\" decoding=\"async\" width=\"800\" height=\"800\" src=\"https:\/\/bakerfresh.dev.fractal.am\/wp-content\/uploads\/2026\/03\/m8-prod3-3.png\" class=\"lakit-imagebox__main_img attachment-full size-full wp-image-3090\" alt=\"\" \/><\/div><div class=\"lakit-imagebox__body\"><div class=\"lakit-imagebox__body_inner\"><h3 class=\"lakit-imagebox__title\"><span class=\"lakit-imagebox__title_text\">TROPICANA<\/span><\/h3><div class=\"lakit-imagebox__desc\">Fr\u00e4sch och smakrik t\u00e5rta med mjuka vaniljbottnar, vaniljkr\u00e4m och en fyllning av mango och passionsfrukt.\n<\/div><\/div><\/div><\/div>\t\t\t\t<\/div>\n\t\t\t\t<div class=\"elementor-element elementor-element-1a48aeb lakit-equal-height-enable elementor-widget lastudio-kit elementor-lakit-image-box\" data-id=\"1a48aeb\" data-element_type=\"widget\" data-e-type=\"widget\" data-widget_type=\"lakit-image-box.default\">\n\t\t\t\t\t<div class=\"lakit-imagebox text-center lakit-imagebox__content-align-center style-modern\"><div class=\"lakit-imagebox__header figure__object_fit\"><img loading=\"lazy\" decoding=\"async\" width=\"800\" height=\"800\" src=\"https:\/\/bakerfresh.dev.fractal.am\/wp-content\/uploads\/2026\/03\/m8-prod3-3.png\" class=\"lakit-imagebox__main_img attachment-full size-full wp-image-3090\" alt=\"\" \/><\/div><div class=\"lakit-imagebox__body\"><div class=\"lakit-imagebox__body_inner\"><h3 class=\"lakit-imagebox__title\"><span class=\"lakit-imagebox__title_text\">\u00c4PPELS\u00c4SONGEN I KARAMELL<\/span><\/h3><div class=\"lakit-imagebox__desc\">Saftiga karamellbottnar med en balanserad smak av syrligt och s\u00f6tt \u00e4ppelmousse, mjuk karamell och karamelliserade \u00e4pplen kryddade med kanel.\n<\/div><\/div><\/div><\/div>\t\t\t\t<\/div>\n\t\t\t\t<div class=\"elementor-element elementor-element-3ffb9d9 lakit-equal-height-enable elementor-widget lastudio-kit elementor-lakit-image-box\" data-id=\"3ffb9d9\" data-element_type=\"widget\" data-e-type=\"widget\" data-widget_type=\"lakit-image-box.default\">\n\t\t\t\t\t<div class=\"lakit-imagebox text-center lakit-imagebox__content-align-center style-modern\"><div class=\"lakit-imagebox__header figure__object_fit\"><img loading=\"lazy\" decoding=\"async\" width=\"800\" height=\"800\" src=\"https:\/\/bakerfresh.dev.fractal.am\/wp-content\/uploads\/2026\/03\/m8-prod3-3.png\" class=\"lakit-imagebox__main_img attachment-full size-full wp-image-3090\" alt=\"\" \/><\/div><div class=\"lakit-imagebox__body\"><div class=\"lakit-imagebox__body_inner\"><h3 class=\"lakit-imagebox__title\"><span class=\"lakit-imagebox__title_text\">OREO<\/span><\/h3><div class=\"lakit-imagebox__desc\">Chokladbottnar med en kr\u00e4mig fyllning av f\u00e4rskost och Bourbon-vanilj, tillsammans med en smakrik chokladkr\u00e4m och en fluffig mousse baserad p\u00e5 vit belgisk choklad med krossade OREO-kexbitar.\n<\/div><\/div><\/div><\/div>\t\t\t\t<\/div>\n\t\t\t\t\t<\/div>\n\t\t\t\t<\/div>\n\t\t\t\t<\/div>","protected":false},"excerpt":{"rendered":"<p>Flavours Snickers (contains nuts) Moist chocolate sponge layered with caramel cream, chocolate cream, soft caramel, and crunchy nuts. Banana &amp; [&hellip;]<\/p>\n","protected":false},"author":1,"featured_media":0,"parent":0,"menu_order":0,"comment_status":"closed","ping_status":"closed","template":"","meta":{"footnotes":""},"class_list":["post-3522","page","type-page","status-publish","hentry"],"_links":{"self":[{"href":"https:\/\/bakerfresh.dev.fractal.am\/sv\/wp-json\/wp\/v2\/pages\/3522","targetHints":{"allow":["GET"]}}],"collection":[{"href":"https:\/\/bakerfresh.dev.fractal.am\/sv\/wp-json\/wp\/v2\/pages"}],"about":[{"href":"https:\/\/bakerfresh.dev.fractal.am\/sv\/wp-json\/wp\/v2\/types\/page"}],"author":[{"embeddable":true,"href":"https:\/\/bakerfresh.dev.fractal.am\/sv\/wp-json\/wp\/v2\/users\/1"}],"replies":[{"embeddable":true,"href":"https:\/\/bakerfresh.dev.fractal.am\/sv\/wp-json\/wp\/v2\/comments?post=3522"}],"version-history":[{"count":88,"href":"https:\/\/bakerfresh.dev.fractal.am\/sv\/wp-json\/wp\/v2\/pages\/3522\/revisions"}],"predecessor-version":[{"id":4313,"href":"https:\/\/bakerfresh.dev.fractal.am\/sv\/wp-json\/wp\/v2\/pages\/3522\/revisions\/4313"}],"wp:attachment":[{"href":"https:\/\/bakerfresh.dev.fractal.am\/sv\/wp-json\/wp\/v2\/media?parent=3522"}],"curies":[{"name":"wp","href":"https:\/\/api.w.org\/{rel}","templated":true}]}}